{"id":428,"date":"2020-05-07T16:20:40","date_gmt":"2020-05-07T19:20:40","guid":{"rendered":"https:\/\/www.estudar.org.br\/?page_id=428"},"modified":"2025-05-13T16:20:04","modified_gmt":"2025-05-13T19:20:04","slug":"imprensa-old","status":"publish","type":"page","link":"https:\/\/www.estudar.org.br\/en\/imprensa-old\/","title":{"rendered":"Imprensa"},"content":{"rendered":"","protected":false},"excerpt":{"rendered":"","protected":false},"author":1,"featured_media":0,"parent":0,"menu_order":0,"comment_status":"closed","ping_status":"closed","template":"","meta":{"_acf_changed":false,"footnotes":""},"class_list":["post-428","page","type-page","status-publish","hentry"],"acf":[],"yoast_head":"<!-- This site is optimized with the Yoast SEO plugin v26.5 - https:\/\/yoast.com\/wordpress\/plugins\/seo\/ -->\n<title>Imprensa - Funda\u00e7\u00e3o Estudar<\/title>\n<meta name=\"robots\" content=\"index, follow, max-snippet:-1, max-image-preview:large, max-video-preview:-1\" \/>\n<link rel=\"canonical\" href=\"https:\/\/www.estudar.org.br\/en\/imprensa-old\/\" \/>\n<meta property=\"og:locale\" content=\"en_US\" \/>\n<meta property=\"og:type\" content=\"article\" \/>\n<meta property=\"og:title\" content=\"Imprensa - Funda\u00e7\u00e3o Estudar\" \/>\n<meta property=\"og:url\" content=\"https:\/\/www.estudar.org.br\/en\/imprensa-old\/\" \/>\n<meta property=\"og:site_name\" content=\"Funda\u00e7\u00e3o Estudar\" \/>\n<meta property=\"article:modified_time\" content=\"2025-05-13T19:20:04+00:00\" \/>\n<meta name=\"twitter:card\" content=\"summary_large_image\" \/>\n<script type=\"application\/ld+json\" class=\"yoast-schema-graph\">{\"@context\":\"https:\/\/schema.org\",\"@graph\":[{\"@type\":\"WebPage\",\"@id\":\"https:\/\/www.estudar.org.br\/imprensa-old\/\",\"url\":\"https:\/\/www.estudar.org.br\/imprensa-old\/\",\"name\":\"Imprensa - Funda\u00e7\u00e3o Estudar\",\"isPartOf\":{\"@id\":\"https:\/\/www.estudar.org.br\/#website\"},\"datePublished\":\"2020-05-07T19:20:40+00:00\",\"dateModified\":\"2025-05-13T19:20:04+00:00\",\"breadcrumb\":{\"@id\":\"https:\/\/www.estudar.org.br\/imprensa-old\/#breadcrumb\"},\"inLanguage\":\"en-US\",\"potentialAction\":[{\"@type\":\"ReadAction\",\"target\":[\"https:\/\/www.estudar.org.br\/imprensa-old\/\"]}]},{\"@type\":\"BreadcrumbList\",\"@id\":\"https:\/\/www.estudar.org.br\/imprensa-old\/#breadcrumb\",\"itemListElement\":[{\"@type\":\"ListItem\",\"position\":1,\"name\":\"In\u00edcio\",\"item\":\"https:\/\/www.estudar.org.br\/\"},{\"@type\":\"ListItem\",\"position\":2,\"name\":\"Imprensa\"}]},{\"@type\":\"WebSite\",\"@id\":\"https:\/\/www.estudar.org.br\/#website\",\"url\":\"https:\/\/www.estudar.org.br\/\",\"name\":\"Funda\u00e7\u00e3o Estudar\",\"description\":\"&lt;em&gt;Ol\u00e1! Essa \u00e9 agenda para a etapa de conversa com bolsista na sele\u00e7\u00e3o do Programa de Bolsas Tech Fellow&lt;\/em&gt;&lt;br&gt;Agende seu hor\u00e1rio e lembre-se de usar o mesmo e-mail da inscri\u00e7\u00e3o.\",\"publisher\":{\"@id\":\"https:\/\/www.estudar.org.br\/#organization\"},\"potentialAction\":[{\"@type\":\"SearchAction\",\"target\":{\"@type\":\"EntryPoint\",\"urlTemplate\":\"https:\/\/www.estudar.org.br\/?s={search_term_string}\"},\"query-input\":{\"@type\":\"PropertyValueSpecification\",\"valueRequired\":true,\"valueName\":\"search_term_string\"}}],\"inLanguage\":\"en-US\"},{\"@type\":\"Organization\",\"@id\":\"https:\/\/www.estudar.org.br\/#organization\",\"name\":\"Funda\u00e7\u00e3o Estudar\",\"url\":\"https:\/\/www.estudar.org.br\/\",\"logo\":{\"@type\":\"ImageObject\",\"inLanguage\":\"en-US\",\"@id\":\"https:\/\/www.estudar.org.br\/#\/schema\/logo\/image\/\",\"url\":\"https:\/\/www.estudar.org.br\/wp-content\/uploads\/2025\/01\/fe.png\",\"contentUrl\":\"https:\/\/www.estudar.org.br\/wp-content\/uploads\/2025\/01\/fe.png\",\"width\":260,\"height\":108,\"caption\":\"Funda\u00e7\u00e3o Estudar\"},\"image\":{\"@id\":\"https:\/\/www.estudar.org.br\/#\/schema\/logo\/image\/\"}}]}<\/script>\n<!-- \/ Yoast SEO plugin. -->","yoast_head_json":{"title":"Imprensa - Funda\u00e7\u00e3o Estudar","robots":{"index":"index","follow":"follow","max-snippet":"max-snippet:-1","max-image-preview":"max-image-preview:large","max-video-preview":"max-video-preview:-1"},"canonical":"https:\/\/www.estudar.org.br\/en\/imprensa-old\/","og_locale":"en_US","og_type":"article","og_title":"Imprensa - Funda\u00e7\u00e3o Estudar","og_url":"https:\/\/www.estudar.org.br\/en\/imprensa-old\/","og_site_name":"Funda\u00e7\u00e3o Estudar","article_modified_time":"2025-05-13T19:20:04+00:00","twitter_card":"summary_large_image","schema":{"@context":"https:\/\/schema.org","@graph":[{"@type":"WebPage","@id":"https:\/\/www.estudar.org.br\/imprensa-old\/","url":"https:\/\/www.estudar.org.br\/imprensa-old\/","name":"Imprensa - Funda\u00e7\u00e3o Estudar","isPartOf":{"@id":"https:\/\/www.estudar.org.br\/#website"},"datePublished":"2020-05-07T19:20:40+00:00","dateModified":"2025-05-13T19:20:04+00:00","breadcrumb":{"@id":"https:\/\/www.estudar.org.br\/imprensa-old\/#breadcrumb"},"inLanguage":"en-US","potentialAction":[{"@type":"ReadAction","target":["https:\/\/www.estudar.org.br\/imprensa-old\/"]}]},{"@type":"BreadcrumbList","@id":"https:\/\/www.estudar.org.br\/imprensa-old\/#breadcrumb","itemListElement":[{"@type":"ListItem","position":1,"name":"In\u00edcio","item":"https:\/\/www.estudar.org.br\/"},{"@type":"ListItem","position":2,"name":"Imprensa"}]},{"@type":"WebSite","@id":"https:\/\/www.estudar.org.br\/#website","url":"https:\/\/www.estudar.org.br\/","name":"Funda\u00e7\u00e3o Estudar","description":"&lt;em&gt;Ol&aacute;! Essa &eacute; agenda para a etapa de conversa com bolsista na sele&ccedil;&atilde;o do Programa de Bolsas Tech Fellow&lt;\/em&gt;&lt;br&gt;Agende seu hor&aacute;rio e lembre-se de usar o mesmo e-mail da inscri&ccedil;&atilde;o.","publisher":{"@id":"https:\/\/www.estudar.org.br\/#organization"},"potentialAction":[{"@type":"SearchAction","target":{"@type":"EntryPoint","urlTemplate":"https:\/\/www.estudar.org.br\/?s={search_term_string}"},"query-input":{"@type":"PropertyValueSpecification","valueRequired":true,"valueName":"search_term_string"}}],"inLanguage":"en-US"},{"@type":"Organization","@id":"https:\/\/www.estudar.org.br\/#organization","name":"Funda\u00e7\u00e3o Estudar","url":"https:\/\/www.estudar.org.br\/","logo":{"@type":"ImageObject","inLanguage":"en-US","@id":"https:\/\/www.estudar.org.br\/#\/schema\/logo\/image\/","url":"https:\/\/www.estudar.org.br\/wp-content\/uploads\/2025\/01\/fe.png","contentUrl":"https:\/\/www.estudar.org.br\/wp-content\/uploads\/2025\/01\/fe.png","width":260,"height":108,"caption":"Funda\u00e7\u00e3o Estudar"},"image":{"@id":"https:\/\/www.estudar.org.br\/#\/schema\/logo\/image\/"}}]}},"_links":{"self":[{"href":"https:\/\/www.estudar.org.br\/en\/wp-json\/wp\/v2\/pages\/428","targetHints":{"allow":["GET"]}}],"collection":[{"href":"https:\/\/www.estudar.org.br\/en\/wp-json\/wp\/v2\/pages"}],"about":[{"href":"https:\/\/www.estudar.org.br\/en\/wp-json\/wp\/v2\/types\/page"}],"author":[{"embeddable":true,"href":"https:\/\/www.estudar.org.br\/en\/wp-json\/wp\/v2\/users\/1"}],"replies":[{"embeddable":true,"href":"https:\/\/www.estudar.org.br\/en\/wp-json\/wp\/v2\/comments?post=428"}],"version-history":[{"count":2,"href":"https:\/\/www.estudar.org.br\/en\/wp-json\/wp\/v2\/pages\/428\/revisions"}],"predecessor-version":[{"id":10498,"href":"https:\/\/www.estudar.org.br\/en\/wp-json\/wp\/v2\/pages\/428\/revisions\/10498"}],"wp:attachment":[{"href":"https:\/\/www.estudar.org.br\/en\/wp-json\/wp\/v2\/media?parent=428"}],"curies":[{"name":"wp","href":"https:\/\/api.w.org\/{rel}","templated":true}]}}